{"id":2855,"date":"2020-04-18T18:27:00","date_gmt":"2020-04-18T18:27:00","guid":{"rendered":"https:\/\/geo-bau.com\/?page_id=2855"},"modified":"2020-04-20T17:10:08","modified_gmt":"2020-04-20T17:10:08","slug":"home-2","status":"publish","type":"page","link":"https:\/\/geo-bau.com\/","title":{"rendered":"Home"},"content":{"rendered":"<p>[vc_row full_content_width=&#8220;row-inner-full&#8220; top=&#8220;0px&#8220; bottom=&#8220;0px&#8220; bg_color=&#8220;#f7f7f7&#8243;][vc_column][rev_slider_vc alias=&#8220;intro-1&#8243;][\/vc_column][\/vc_row][vc_row top=&#8220;20px&#8220; bottom=&#8220;0px&#8220;][vc_column][vc_custom_heading text=&#8220;GEO-Bau GmbH &amp; Co. KG&#8220; font_container=&#8220;tag:h3|font_size:26px|text_align:left|color:%23525250&#8243; use_theme_fonts=&#8220;yes&#8220; css_animation=&#8220;fadeIn&#8220;][\/vc_column][\/vc_row][vc_row top=&#8220;0px&#8220; bottom=&#8220;60px&#8220; row_show_on=&#8220;hide_tablet_portrait,hide_mobile_landscape,hide_mobile_portrait&#8220;][vc_column][vc_column_text]<\/p>\n<h3><span class=\"style11\">Komplettl\u00f6sungen f\u00fcr den Tiefbau <\/span>aus Borken im M\u00fcnsterland<\/h3>\n<p>[\/vc_column_text][\/vc_column][\/vc_row][vc_row top=&#8220;5px&#8220; bottom=&#8220;60px&#8220; row_show_on=&#8220;hide_on_normal_screen,hide_tablet_landscape&#8220;][vc_column][vc_column_text]<\/p>\n<h3><span class=\"style11\">Komplettl\u00f6sungen f\u00fcr den Tiefbau<\/span><\/h3>\n<p>[\/vc_column_text][\/vc_column][\/vc_row][vc_column][\/vc_column]<\/p>\n","protected":false},"excerpt":{"rendered":"<p>[vc_row full_content_width=&#8220;row-inner-full&#8220; top=&#8220;0px&#8220; bottom=&#8220;0px&#8220; bg_color=&#8220;#f7f7f7&#8243;][vc_column][rev_slider_vc alias=&#8220;intro-1&#8243;][\/vc_column][\/vc_row][vc_row top=&#8220;20px&#8220; bottom=&#8220;0px&#8220;][vc_column][vc_custom_heading text=&#8220;GEO-Bau GmbH &amp; Co. KG&#8220; font_container=&#8220;tag:h3|font_size:26px|text_align:left|color:%23525250&#8243; use_theme_fonts=&#8220;yes&#8220; css_animation=&#8220;fadeIn&#8220;][\/vc_column][\/vc_row][vc_row top=&#8220;0px&#8220; bottom=&#8220;60px&#8220; row_show_on=&#8220;hide_tablet_portrait,hide_mobile_landscape,hide_mobile_portrait&#8220;][vc_column][vc_column_text] Komplettl\u00f6sungen f\u00fcr den Tiefbau aus Borken im M\u00fcnsterland [\/vc_column_text][\/vc_column][\/vc_row][vc_row top=&#8220;5px&#8220; bottom=&#8220;60px&#8220; row_show_on=&#8220;hide_on_normal_screen,hide_tablet_landscape&#8220;][vc_column][vc_column_text] Komplettl\u00f6sungen f\u00fcr den Tiefbau [\/vc_column_text][\/vc_column][\/vc_row][vc_column][\/vc_column]<\/p>\n","protected":false},"author":1,"featured_media":0,"parent":0,"menu_order":0,"comment_status":"closed","ping_status":"closed","template":"page-full-width.php","meta":[],"_links":{"self":[{"href":"https:\/\/geo-bau.com\/index.php\/wp-json\/wp\/v2\/pages\/2855"}],"collection":[{"href":"https:\/\/geo-bau.com\/index.php\/wp-json\/wp\/v2\/pages"}],"about":[{"href":"https:\/\/geo-bau.com\/index.php\/wp-json\/wp\/v2\/types\/page"}],"author":[{"embeddable":true,"href":"https:\/\/geo-bau.com\/index.php\/wp-json\/wp\/v2\/users\/1"}],"replies":[{"embeddable":true,"href":"https:\/\/geo-bau.com\/index.php\/wp-json\/wp\/v2\/comments?post=2855"}],"version-history":[{"count":29,"href":"https:\/\/geo-bau.com\/index.php\/wp-json\/wp\/v2\/pages\/2855\/revisions"}],"predecessor-version":[{"id":3097,"href":"https:\/\/geo-bau.com\/index.php\/wp-json\/wp\/v2\/pages\/2855\/revisions\/3097"}],"wp:attachment":[{"href":"https:\/\/geo-bau.com\/index.php\/wp-json\/wp\/v2\/media?parent=2855"}],"curies":[{"name":"wp","href":"https:\/\/api.w.org\/{rel}","templated":true}]}}